{"id":4024,"date":"2026-02-09T11:59:28","date_gmt":"2026-02-09T11:59:28","guid":{"rendered":"https:\/\/www.rotor-live.de\/wp\/?page_id=4024"},"modified":"2026-02-10T11:06:06","modified_gmt":"2026-02-10T11:06:06","slug":"presse","status":"publish","type":"page","link":"https:\/\/www.rotor-live.de\/wp\/presse\/","title":{"rendered":"Presse"},"content":{"rendered":"\t\t<div data-elementor-type=\"wp-page\" data-elementor-id=\"4024\" class=\"elementor elementor-4024\">\n\t\t\t\t<div class=\"elementor-element elementor-element-afd93a8 e-flex e-con-boxed e-con e-parent\" data-id=\"afd93a8\" data-element_type=\"container\" data-e-type=\"container\">\n\t\t\t\t\t<div class=\"e-con-inner\">\n\t\t\t\t<div class=\"elementor-element elementor-element-2bd1c5a elementor-widget elementor-widget-menu-anchor\" data-id=\"2bd1c5a\" data-element_type=\"widget\" data-e-type=\"widget\" data-widget_type=\"menu-anchor.default\">\n\t\t\t\t\t\t\t<div class=\"elementor-menu-anchor\" id=\"akkreditierung\"><\/div>\n\t\t\t\t\t\t<\/div>\n\t\t\t\t<div class=\"elementor-element elementor-element-52dd54b elementor-widget elementor-widget-heading\" data-id=\"52dd54b\" data-element_type=\"widget\" data-e-type=\"widget\" data-widget_type=\"heading.default\">\n\t\t\t\t\t<h1 class=\"elementor-heading-title elementor-size-default\">Presse-Akkreditierung<\/h1>\t\t\t\t<\/div>\n\t\t\t\t\t<\/div>\n\t\t\t\t<\/div>\n\t\t<div class=\"elementor-element elementor-element-2cecb07 e-flex e-con-boxed e-con e-parent\" data-id=\"2cecb07\" data-element_type=\"container\" data-e-type=\"container\">\n\t\t\t\t\t<div class=\"e-con-inner\">\n\t\t<div class=\"elementor-element elementor-element-4c5024d e-con-full e-flex e-con e-child\" data-id=\"4c5024d\" data-element_type=\"container\" data-e-type=\"container\" data-settings=\"{&quot;background_background&quot;:&quot;classic&quot;}\">\n\t\t<div class=\"elementor-element elementor-element-70e2949 e-con-full e-flex e-con e-child\" data-id=\"70e2949\" data-element_type=\"container\" data-e-type=\"container\">\n\t\t\t\t<div class=\"elementor-element elementor-element-0e546bd elementor-widget elementor-widget-image\" data-id=\"0e546bd\" data-element_type=\"widget\" data-e-type=\"widget\" data-widget_type=\"image.default\">\n\t\t\t\t\t\t\t\t\t\t\t\t\t\t\t<img fetchpriority=\"high\" decoding=\"async\" width=\"1024\" height=\"565\" src=\"https:\/\/www.rotor-live.de\/wp\/wp-content\/uploads\/2026\/02\/image2-1024x565.jpg\" class=\"attachment-large size-large wp-image-4026\" alt=\"\" srcset=\"https:\/\/www.rotor-live.de\/wp\/wp-content\/uploads\/2026\/02\/image2-1024x565.jpg 1024w, https:\/\/www.rotor-live.de\/wp\/wp-content\/uploads\/2026\/02\/image2-300x166.jpg 300w, https:\/\/www.rotor-live.de\/wp\/wp-content\/uploads\/2026\/02\/image2-768x424.jpg 768w, https:\/\/www.rotor-live.de\/wp\/wp-content\/uploads\/2026\/02\/image2.jpg 1200w\" sizes=\"(max-width: 1024px) 100vw, 1024px\" \/>\t\t\t\t\t\t\t\t\t\t\t\t\t\t\t<\/div>\n\t\t\t\t<\/div>\n\t\t<div class=\"elementor-element elementor-element-6e1ef97 e-con-full e-flex e-con e-child\" data-id=\"6e1ef97\" data-element_type=\"container\" data-e-type=\"container\">\n\t\t\t\t<div class=\"elementor-element elementor-element-a114b11 elementor-widget elementor-widget-text-editor\" data-id=\"a114b11\" data-element_type=\"widget\" data-e-type=\"widget\" data-widget_type=\"text-editor.default\">\n\t\t\t\t\t\t\t\t\t<p>Mitarbeiter der lokalen Zeitungen und der Fachpresse, die \u00fcber die\u00a0<strong>ROTOR<\/strong>\u00a0<em>live<\/em>\u00a0berichten m\u00f6chten, erhalten selbstverst\u00e4ndlich kostenlosen Zugang zur Messe. Bitte melden Sie sich bitte fr\u00fchzeitig mit einer entsprechenden Legitimation bei uns an. Ihre Presseticket erhalten Sie dann an der Kasse. Eine Akkreditierung ist bei Herrn Georg Ongsieck m\u00f6glich:<strong>\u00a0<a href=\"mailto:georg.ongsieck@msv-medien.de\">georg.ongsieck@msv-medien.de<\/a><\/strong><br \/><br \/><\/p><p>Mit dem Presseticket k\u00f6nnen Sie sich auf der gesamten Messe frei bewegen und gerne auch fotografieren. Bei der\u00a0<strong>ROTOR<\/strong>\u00a0<em>live<\/em>\u00a0werden wir einen Fotografen-Bereich direkt hinter dem Flugfeld einrichten, zu dem ausschlie\u00dflich Personen mit Presseticket Zugang haben. Gute Bilder garantiert!<br \/><br \/><\/p><p>Sollten Sie im Vorfeld noch weitere Fragen zur\u00a0<strong>ROTOR<\/strong>\u00a0<em>live<\/em> haben, melden Sie sich einfach bei uns: <strong><a href=\"mailto:georg.ongsieck@msv-medien.de\">Kontakt<\/a><\/strong><\/p>\t\t\t\t\t\t\t\t<\/div>\n\t\t\t\t<\/div>\n\t\t\t\t<\/div>\n\t\t\t\t\t<\/div>\n\t\t\t\t<\/div>\n\t\t<div class=\"elementor-element elementor-element-9384713 e-flex e-con-boxed e-con e-parent\" data-id=\"9384713\" data-element_type=\"container\" data-e-type=\"container\">\n\t\t\t\t\t<div class=\"e-con-inner\">\n\t\t\t\t<div class=\"elementor-element elementor-element-12b8bb8 elementor-widget elementor-widget-spacer\" data-id=\"12b8bb8\" data-element_type=\"widget\" data-e-type=\"widget\" data-widget_type=\"spacer.default\">\n\t\t\t\t\t\t\t<div class=\"elementor-spacer\">\n\t\t\t<div class=\"elementor-spacer-inner\"><\/div>\n\t\t<\/div>\n\t\t\t\t\t\t<\/div>\n\t\t\t\t\t<\/div>\n\t\t\t\t<\/div>\n\t\t<div class=\"elementor-element elementor-element-9720e23 e-flex e-con-boxed e-con e-parent\" data-id=\"9720e23\" data-element_type=\"container\" data-e-type=\"container\">\n\t\t\t\t\t<div class=\"e-con-inner\">\n\t\t\t\t<div class=\"elementor-element elementor-element-52dab51 elementor-widget elementor-widget-menu-anchor\" data-id=\"52dab51\" data-element_type=\"widget\" data-e-type=\"widget\" data-widget_type=\"menu-anchor.default\">\n\t\t\t\t\t\t\t<div class=\"elementor-menu-anchor\" id=\"material\"><\/div>\n\t\t\t\t\t\t<\/div>\n\t\t\t\t<div class=\"elementor-element elementor-element-de0db3c elementor-widget elementor-widget-heading\" data-id=\"de0db3c\" data-element_type=\"widget\" data-e-type=\"widget\" data-widget_type=\"heading.default\">\n\t\t\t\t\t<h1 class=\"elementor-heading-title elementor-size-default\">Presse-Material<\/h1>\t\t\t\t<\/div>\n\t\t\t\t\t<\/div>\n\t\t\t\t<\/div>\n\t\t<div class=\"elementor-element elementor-element-e7e804d e-flex e-con-boxed e-con e-parent\" data-id=\"e7e804d\" data-element_type=\"container\" data-e-type=\"container\">\n\t\t\t\t\t<div class=\"e-con-inner\">\n\t\t<div class=\"elementor-element elementor-element-c92c7ea e-con-full e-flex e-con e-child\" data-id=\"c92c7ea\" data-element_type=\"container\" data-e-type=\"container\" data-settings=\"{&quot;background_background&quot;:&quot;classic&quot;}\">\n\t\t<div class=\"elementor-element elementor-element-e6f9c91 e-con-full e-flex e-con e-child\" data-id=\"e6f9c91\" data-element_type=\"container\" data-e-type=\"container\" data-settings=\"{&quot;background_background&quot;:&quot;classic&quot;}\">\n\t\t\t\t<div class=\"elementor-element elementor-element-8ffad84 elementor-widget elementor-widget-heading\" data-id=\"8ffad84\" data-element_type=\"widget\" data-e-type=\"widget\" data-widget_type=\"heading.default\">\n\t\t\t\t\t<h2 class=\"elementor-heading-title elementor-size-default\">Pressemeldung<\/h2>\t\t\t\t<\/div>\n\t\t\t\t<div class=\"elementor-element elementor-element-fd68d38 elementor-widget elementor-widget-text-editor\" data-id=\"fd68d38\" data-element_type=\"widget\" data-e-type=\"widget\" data-widget_type=\"text-editor.default\">\n\t\t\t\t\t\t\t\t\t<p>Die offizielle Pressemitteilung f\u00fcr die ROTOR live 2026 k\u00f6nnen Sie hier herunterladen.<\/p>\t\t\t\t\t\t\t\t<\/div>\n\t\t\t\t<div class=\"elementor-element elementor-element-51d961d elementor-widget elementor-widget-button\" data-id=\"51d961d\" data-element_type=\"widget\" data-e-type=\"widget\" data-widget_type=\"button.default\">\n\t\t\t\t\t\t\t\t\t\t<a class=\"elementor-button elementor-button-link elementor-size-sm\" href=\"https:\/\/www.rotor-live.de\/wp\/wp-content\/uploads\/2026\/02\/Pressemeldung_Februar-2026_final.pdf\">\n\t\t\t\t\t\t<span class=\"elementor-button-content-wrapper\">\n\t\t\t\t\t\t\t\t\t<span class=\"elementor-button-text\">Pressemitteilung PDF<\/span>\n\t\t\t\t\t<\/span>\n\t\t\t\t\t<\/a>\n\t\t\t\t\t\t\t\t<\/div>\n\t\t\t\t<\/div>\n\t\t<div class=\"elementor-element elementor-element-0f8ed3a e-con-full e-flex e-con e-child\" data-id=\"0f8ed3a\" data-element_type=\"container\" data-e-type=\"container\" data-settings=\"{&quot;background_background&quot;:&quot;classic&quot;}\">\n\t\t\t\t<div class=\"elementor-element elementor-element-b780122 elementor-widget elementor-widget-heading\" data-id=\"b780122\" data-element_type=\"widget\" data-e-type=\"widget\" data-widget_type=\"heading.default\">\n\t\t\t\t\t<h2 class=\"elementor-heading-title elementor-size-default\">Pressebilder<\/h2>\t\t\t\t<\/div>\n\t\t\t\t<div class=\"elementor-element elementor-element-c55d62c elementor-widget elementor-widget-text-editor\" data-id=\"c55d62c\" data-element_type=\"widget\" data-e-type=\"widget\" data-widget_type=\"text-editor.default\">\n\t\t\t\t\t\t\t\t\t<p>Eine Auswahl an hochaufl\u00f6senden Bildern haben wir hier f\u00fcr Sie zusammengestellt\u00a0<em>(bei Ver\u00f6ffentlichung bitte den Fotografen Andreas Maier hinzuf\u00fcgen)<\/em>:<\/p>\t\t\t\t\t\t\t\t<\/div>\n\t\t\t\t<div class=\"elementor-element elementor-element-70b347a elementor-widget elementor-widget-button\" data-id=\"70b347a\" data-element_type=\"widget\" data-e-type=\"widget\" data-widget_type=\"button.default\">\n\t\t\t\t\t\t\t\t\t\t<a class=\"elementor-button elementor-button-link elementor-size-sm\" href=\"https:\/\/www.rotor-live.de\/wp\/wp-content\/uploads\/2026\/02\/Pressebilder.zip\">\n\t\t\t\t\t\t<span class=\"elementor-button-content-wrapper\">\n\t\t\t\t\t\t\t\t\t<span class=\"elementor-button-text\">Fotomaterial ROTOR live<\/span>\n\t\t\t\t\t<\/span>\n\t\t\t\t\t<\/a>\n\t\t\t\t\t\t\t\t<\/div>\n\t\t\t\t<\/div>\n\t\t\t\t<\/div>\n\t\t\t\t\t<\/div>\n\t\t\t\t<\/div>\n\t\t\t\t<\/div>\n\t\t","protected":false},"excerpt":{"rendered":"<p>Presse-Akkreditierung Mitarbeiter der lokalen Zeitungen und der Fachpresse, die \u00fcber die\u00a0ROTOR\u00a0live\u00a0berichten m\u00f6chten, erhalten selbstverst\u00e4ndlich kostenlosen Zugang zur Messe. Bitte melden Sie sich bitte fr\u00fchzeitig mit einer entsprechenden Legitimation bei uns an. Ihre Presseticket erhalten Sie dann an der Kasse. Eine Akkreditierung ist bei Herrn Georg Ongsieck m\u00f6glich:\u00a0georg.ongsieck@msv-medien.de Mit dem Presseticket k\u00f6nnen Sie sich auf der [&hellip;]<\/p>\n","protected":false},"author":4,"featured_media":0,"parent":0,"menu_order":0,"comment_status":"closed","ping_status":"closed","template":"","meta":{"footnotes":""},"class_list":["post-4024","page","type-page","status-publish","hentry"],"blocksy_meta":[],"yoast_head":"<!-- This site is optimized with the Yoast SEO plugin v24.6 - https:\/\/yoast.com\/wordpress\/plugins\/seo\/ -->\n<title>Presse - ROTOR live 2026 - See you in 2027!<\/title>\n<meta name=\"robots\" content=\"index, follow, max-snippet:-1, max-image-preview:large, max-video-preview:-1\" \/>\n<link rel=\"canonical\" href=\"https:\/\/www.rotor-live.de\/wp\/presse\/\" \/>\n<meta property=\"og:locale\" content=\"de_DE\" \/>\n<meta property=\"og:type\" content=\"article\" \/>\n<meta property=\"og:title\" content=\"Presse - ROTOR live 2026 - See you in 2027!\" \/>\n<meta property=\"og:description\" content=\"Presse-Akkreditierung Mitarbeiter der lokalen Zeitungen und der Fachpresse, die \u00fcber die\u00a0ROTOR\u00a0live\u00a0berichten m\u00f6chten, erhalten selbstverst\u00e4ndlich kostenlosen Zugang zur Messe. Bitte melden Sie sich bitte fr\u00fchzeitig mit einer entsprechenden Legitimation bei uns an. Ihre Presseticket erhalten Sie dann an der Kasse. Eine Akkreditierung ist bei Herrn Georg Ongsieck m\u00f6glich:\u00a0georg.ongsieck@msv-medien.de Mit dem Presseticket k\u00f6nnen Sie sich auf der [&hellip;]\" \/>\n<meta property=\"og:url\" content=\"https:\/\/www.rotor-live.de\/wp\/presse\/\" \/>\n<meta property=\"og:site_name\" content=\"ROTOR live 2026 - See you in 2027!\" \/>\n<meta property=\"article:publisher\" content=\"https:\/\/www.facebook.com\/ROTORlive\/\" \/>\n<meta property=\"article:modified_time\" content=\"2026-02-10T11:06:06+00:00\" \/>\n<meta property=\"og:image\" content=\"http:\/\/www.rotor-live.de\/wp\/wp-content\/uploads\/2026\/02\/image2-1024x565.jpg\" \/>\n<meta name=\"twitter:card\" content=\"summary_large_image\" \/>\n<meta name=\"twitter:label1\" content=\"Gesch\u00e4tzte Lesezeit\" \/>\n\t<meta name=\"twitter:data1\" content=\"1\u00a0Minute\" \/>\n<script type=\"application\/ld+json\" class=\"yoast-schema-graph\">{\"@context\":\"https:\/\/schema.org\",\"@graph\":[{\"@type\":\"WebPage\",\"@id\":\"https:\/\/www.rotor-live.de\/wp\/presse\/\",\"url\":\"https:\/\/www.rotor-live.de\/wp\/presse\/\",\"name\":\"Presse - ROTOR live 2026 - See you in 2027!\",\"isPartOf\":{\"@id\":\"https:\/\/www.rotor-live.de\/wp\/#website\"},\"primaryImageOfPage\":{\"@id\":\"https:\/\/www.rotor-live.de\/wp\/presse\/#primaryimage\"},\"image\":{\"@id\":\"https:\/\/www.rotor-live.de\/wp\/presse\/#primaryimage\"},\"thumbnailUrl\":\"http:\/\/www.rotor-live.de\/wp\/wp-content\/uploads\/2026\/02\/image2-1024x565.jpg\",\"datePublished\":\"2026-02-09T11:59:28+00:00\",\"dateModified\":\"2026-02-10T11:06:06+00:00\",\"breadcrumb\":{\"@id\":\"https:\/\/www.rotor-live.de\/wp\/presse\/#breadcrumb\"},\"inLanguage\":\"de\",\"potentialAction\":[{\"@type\":\"ReadAction\",\"target\":[\"https:\/\/www.rotor-live.de\/wp\/presse\/\"]}]},{\"@type\":\"ImageObject\",\"inLanguage\":\"de\",\"@id\":\"https:\/\/www.rotor-live.de\/wp\/presse\/#primaryimage\",\"url\":\"https:\/\/www.rotor-live.de\/wp\/wp-content\/uploads\/2026\/02\/image2.jpg\",\"contentUrl\":\"https:\/\/www.rotor-live.de\/wp\/wp-content\/uploads\/2026\/02\/image2.jpg\",\"width\":1200,\"height\":662},{\"@type\":\"BreadcrumbList\",\"@id\":\"https:\/\/www.rotor-live.de\/wp\/presse\/#breadcrumb\",\"itemListElement\":[{\"@type\":\"ListItem\",\"position\":1,\"name\":\"Startseite\",\"item\":\"https:\/\/www.rotor-live.de\/wp\/\"},{\"@type\":\"ListItem\",\"position\":2,\"name\":\"Presse\"}]},{\"@type\":\"WebSite\",\"@id\":\"https:\/\/www.rotor-live.de\/wp\/#website\",\"url\":\"https:\/\/www.rotor-live.de\/wp\/\",\"name\":\"ROTOR live 2026 - See you in 2027!\",\"description\":\"Die Verkaufs- und Pr\u00e4sentationsmesse zum Thema Modellhelikopter in Iffezheim\",\"publisher\":{\"@id\":\"https:\/\/www.rotor-live.de\/wp\/#organization\"},\"potentialAction\":[{\"@type\":\"SearchAction\",\"target\":{\"@type\":\"EntryPoint\",\"urlTemplate\":\"https:\/\/www.rotor-live.de\/wp\/?s={search_term_string}\"},\"query-input\":{\"@type\":\"PropertyValueSpecification\",\"valueRequired\":true,\"valueName\":\"search_term_string\"}}],\"inLanguage\":\"de\"},{\"@type\":\"Organization\",\"@id\":\"https:\/\/www.rotor-live.de\/wp\/#organization\",\"name\":\"ROTOR live 2026 - See you in 2027!\",\"url\":\"https:\/\/www.rotor-live.de\/wp\/\",\"logo\":{\"@type\":\"ImageObject\",\"inLanguage\":\"de\",\"@id\":\"https:\/\/www.rotor-live.de\/wp\/#\/schema\/logo\/image\/\",\"url\":\"https:\/\/www.rotor-live.de\/wp\/wp-content\/uploads\/2026\/02\/rotorlive_logotopnav.png\",\"contentUrl\":\"https:\/\/www.rotor-live.de\/wp\/wp-content\/uploads\/2026\/02\/rotorlive_logotopnav.png\",\"width\":1272,\"height\":344,\"caption\":\"ROTOR live 2026 - See you in 2027!\"},\"image\":{\"@id\":\"https:\/\/www.rotor-live.de\/wp\/#\/schema\/logo\/image\/\"},\"sameAs\":[\"https:\/\/www.facebook.com\/ROTORlive\/\"]}]}<\/script>\n<!-- \/ Yoast SEO plugin. -->","yoast_head_json":{"title":"Presse - ROTOR live 2026 - See you in 2027!","robots":{"index":"index","follow":"follow","max-snippet":"max-snippet:-1","max-image-preview":"max-image-preview:large","max-video-preview":"max-video-preview:-1"},"canonical":"https:\/\/www.rotor-live.de\/wp\/presse\/","og_locale":"de_DE","og_type":"article","og_title":"Presse - ROTOR live 2026 - See you in 2027!","og_description":"Presse-Akkreditierung Mitarbeiter der lokalen Zeitungen und der Fachpresse, die \u00fcber die\u00a0ROTOR\u00a0live\u00a0berichten m\u00f6chten, erhalten selbstverst\u00e4ndlich kostenlosen Zugang zur Messe. Bitte melden Sie sich bitte fr\u00fchzeitig mit einer entsprechenden Legitimation bei uns an. Ihre Presseticket erhalten Sie dann an der Kasse. Eine Akkreditierung ist bei Herrn Georg Ongsieck m\u00f6glich:\u00a0georg.ongsieck@msv-medien.de Mit dem Presseticket k\u00f6nnen Sie sich auf der [&hellip;]","og_url":"https:\/\/www.rotor-live.de\/wp\/presse\/","og_site_name":"ROTOR live 2026 - See you in 2027!","article_publisher":"https:\/\/www.facebook.com\/ROTORlive\/","article_modified_time":"2026-02-10T11:06:06+00:00","og_image":[{"url":"http:\/\/www.rotor-live.de\/wp\/wp-content\/uploads\/2026\/02\/image2-1024x565.jpg","type":"","width":"","height":""}],"twitter_card":"summary_large_image","twitter_misc":{"Gesch\u00e4tzte Lesezeit":"1\u00a0Minute"},"schema":{"@context":"https:\/\/schema.org","@graph":[{"@type":"WebPage","@id":"https:\/\/www.rotor-live.de\/wp\/presse\/","url":"https:\/\/www.rotor-live.de\/wp\/presse\/","name":"Presse - ROTOR live 2026 - See you in 2027!","isPartOf":{"@id":"https:\/\/www.rotor-live.de\/wp\/#website"},"primaryImageOfPage":{"@id":"https:\/\/www.rotor-live.de\/wp\/presse\/#primaryimage"},"image":{"@id":"https:\/\/www.rotor-live.de\/wp\/presse\/#primaryimage"},"thumbnailUrl":"http:\/\/www.rotor-live.de\/wp\/wp-content\/uploads\/2026\/02\/image2-1024x565.jpg","datePublished":"2026-02-09T11:59:28+00:00","dateModified":"2026-02-10T11:06:06+00:00","breadcrumb":{"@id":"https:\/\/www.rotor-live.de\/wp\/presse\/#breadcrumb"},"inLanguage":"de","potentialAction":[{"@type":"ReadAction","target":["https:\/\/www.rotor-live.de\/wp\/presse\/"]}]},{"@type":"ImageObject","inLanguage":"de","@id":"https:\/\/www.rotor-live.de\/wp\/presse\/#primaryimage","url":"https:\/\/www.rotor-live.de\/wp\/wp-content\/uploads\/2026\/02\/image2.jpg","contentUrl":"https:\/\/www.rotor-live.de\/wp\/wp-content\/uploads\/2026\/02\/image2.jpg","width":1200,"height":662},{"@type":"BreadcrumbList","@id":"https:\/\/www.rotor-live.de\/wp\/presse\/#breadcrumb","itemListElement":[{"@type":"ListItem","position":1,"name":"Startseite","item":"https:\/\/www.rotor-live.de\/wp\/"},{"@type":"ListItem","position":2,"name":"Presse"}]},{"@type":"WebSite","@id":"https:\/\/www.rotor-live.de\/wp\/#website","url":"https:\/\/www.rotor-live.de\/wp\/","name":"ROTOR live 2026 - See you in 2027!","description":"Die Verkaufs- und Pr\u00e4sentationsmesse zum Thema Modellhelikopter in Iffezheim","publisher":{"@id":"https:\/\/www.rotor-live.de\/wp\/#organization"},"potentialAction":[{"@type":"SearchAction","target":{"@type":"EntryPoint","urlTemplate":"https:\/\/www.rotor-live.de\/wp\/?s={search_term_string}"},"query-input":{"@type":"PropertyValueSpecification","valueRequired":true,"valueName":"search_term_string"}}],"inLanguage":"de"},{"@type":"Organization","@id":"https:\/\/www.rotor-live.de\/wp\/#organization","name":"ROTOR live 2026 - See you in 2027!","url":"https:\/\/www.rotor-live.de\/wp\/","logo":{"@type":"ImageObject","inLanguage":"de","@id":"https:\/\/www.rotor-live.de\/wp\/#\/schema\/logo\/image\/","url":"https:\/\/www.rotor-live.de\/wp\/wp-content\/uploads\/2026\/02\/rotorlive_logotopnav.png","contentUrl":"https:\/\/www.rotor-live.de\/wp\/wp-content\/uploads\/2026\/02\/rotorlive_logotopnav.png","width":1272,"height":344,"caption":"ROTOR live 2026 - See you in 2027!"},"image":{"@id":"https:\/\/www.rotor-live.de\/wp\/#\/schema\/logo\/image\/"},"sameAs":["https:\/\/www.facebook.com\/ROTORlive\/"]}]}},"_links":{"self":[{"href":"https:\/\/www.rotor-live.de\/wp\/wp-json\/wp\/v2\/pages\/4024","targetHints":{"allow":["GET"]}}],"collection":[{"href":"https:\/\/www.rotor-live.de\/wp\/wp-json\/wp\/v2\/pages"}],"about":[{"href":"https:\/\/www.rotor-live.de\/wp\/wp-json\/wp\/v2\/types\/page"}],"author":[{"embeddable":true,"href":"https:\/\/www.rotor-live.de\/wp\/wp-json\/wp\/v2\/users\/4"}],"replies":[{"embeddable":true,"href":"https:\/\/www.rotor-live.de\/wp\/wp-json\/wp\/v2\/comments?post=4024"}],"version-history":[{"count":16,"href":"https:\/\/www.rotor-live.de\/wp\/wp-json\/wp\/v2\/pages\/4024\/revisions"}],"predecessor-version":[{"id":4131,"href":"https:\/\/www.rotor-live.de\/wp\/wp-json\/wp\/v2\/pages\/4024\/revisions\/4131"}],"wp:attachment":[{"href":"https:\/\/www.rotor-live.de\/wp\/wp-json\/wp\/v2\/media?parent=4024"}],"curies":[{"name":"wp","href":"https:\/\/api.w.org\/{rel}","templated":true}]}}